{"id":11760,"date":"2023-06-27T17:57:00","date_gmt":"2023-06-27T22:57:00","guid":{"rendered":"https:\/\/fondationsqha.ca\/?page_id=11760"},"modified":"2024-08-22T09:02:11","modified_gmt":"2024-08-22T14:02:11","slug":"about-sqha","status":"publish","type":"page","link":"https:\/\/fondationsqha.ca\/en\/about-sqha\/","title":{"rendered":"About SQHA"},"content":{"rendered":"\t\t<div data-elementor-type=\"wp-page\" data-elementor-id=\"11760\" class=\"elementor elementor-11760 elementor-13254\">\n\t\t\t\t\t\t<section class=\"elementor-section elementor-top-section elementor-element elementor-element-0004143 elementor-section-boxed elementor-section-height-default elementor-section-height-default wpr-particle-no wpr-jarallax-no wpr-parallax-no wpr-sticky-section-no elementor-invisible\" data-id=\"0004143\" data-element_type=\"section\" data-e-type=\"section\" data-settings=\"{&quot;animation&quot;:&quot;fadeIn&quot;}\">\n\t\t\t\t\t\t<div class=\"elementor-container elementor-column-gap-wide\">\n\t\t\t\t\t<div class=\"elementor-column elementor-col-100 elementor-top-column elementor-element elementor-element-e7fd89e\" data-id=\"e7fd89e\" data-element_type=\"column\" data-e-type=\"column\">\n\t\t\t<div class=\"elementor-widget-wrap elementor-element-populated\">\n\t\t\t\t\t\t<div class=\"elementor-element elementor-element-bb11a8b wpr-dual-heading-icon-top elementor-widget elementor-widget-wpr-dual-color-heading\" data-id=\"bb11a8b\" data-element_type=\"widget\" data-e-type=\"widget\" data-widget_type=\"wpr-dual-color-heading.default\">\n\t\t\t\t<div class=\"elementor-widget-container\">\n\t\t\t\t\t\t\t\t<div class=\"wpr-dual-heading-wrap\">\n\t\t\t\t<div class=\"wpr-dual-title-wrap\">\n\t\t\t\t\t<h1 class=\"wpr-dual-title\">\n\t\t\t\t\t\t\t\t\t\t\t<span class=\"first\">A learned society<\/span>\n\t\t\t\t\t\t\t\t\t\t\n\t\t\t\t\t\t\t\t\t\t\t<span class=\"second\"> serving Quebecers...<\/span>\n\t\t\t\t\t\t\t\t\t\t<\/h1>\n\t\t\t\t<\/div>\n\t\t\t\t\n\t\t\t\t\t\t\t\t\t<div class=\"wpr-dual-heading-description\" >and the entire French-speaking world<\/div>\n\t\t\t\t\n\t\t\t\t\n\t\t\t<\/div>\n\t\t\t\t\t\t<\/div>\n\t\t\t\t<\/div>\n\t\t\t\t<div class=\"elementor-element elementor-element-e5e9cd7 elementor-widget elementor-widget-text-editor\" data-id=\"e5e9cd7\" data-element_type=\"widget\" data-e-type=\"widget\" data-widget_type=\"text-editor.default\">\n\t\t\t\t<div class=\"elementor-widget-container\">\n\t\t\t\t\t\t\t\t\t<strong>Founded in 1992<\/strong>, the Soci\u00e9t\u00e9 qu\u00e9b\u00e9coise d&#8217;hypertension art\u00e9rielle (SQHA) is a non-profit organization of over 500 healthcare professionals, researchers and partners committed to the fight against hypertension and its associated risk factors.\n\nTo ensure the improvement of Quebecers&#8217; cardiovascular health, as well as excellence in care, the SQHA contributes to :\t\t\t\t\t\t\t\t<\/div>\n\t\t\t\t<\/div>\n\t\t\t\t<div class=\"elementor-element elementor-element-770d945 wpr-feature-list-left wpr-feature-list-square wpr-feature-list-line-yes elementor-widget elementor-widget-wpr-feature-list\" data-id=\"770d945\" data-element_type=\"widget\" data-e-type=\"widget\" data-widget_type=\"wpr-feature-list.default\">\n\t\t\t\t<div class=\"elementor-widget-container\">\n\t\t\t\t\t<div class=\"wpr-feature-list-wrap\"><ul class=\"wpr-feature-list\"><li class=\"wpr-feature-list-item elementor-repeater-item-8d39794\"><div class=\"wpr-feature-list-icon-wrap\"><span class=\"wpr-feature-list-line\"><\/span><div class=\"wpr-feature-list-icon-inner-wrap\"><i aria-hidden=\"true\" class=\"fas fa-circle\"><\/i><\/div><\/div><div class=\"wpr-feature-list-content-wrap\"><h4 class=\"wpr-feature-list-title\"><a class=\"wpr-feature-list-url\" target=\"_blank\" rel=\"nofollow\">fundamental and clinical research<\/a><\/h4><p class=\"wpr-feature-list-description\"><\/p><\/div><\/li><li class=\"wpr-feature-list-item elementor-repeater-item-02583ed\"><div class=\"wpr-feature-list-icon-wrap\"><span class=\"wpr-feature-list-line\"><\/span><div class=\"wpr-feature-list-icon-inner-wrap\"><i aria-hidden=\"true\" class=\"fas fa-circle\"><\/i><\/div><\/div><div class=\"wpr-feature-list-content-wrap\"><h4 class=\"wpr-feature-list-title\"><a class=\"wpr-feature-list-url\" target=\"_blank\" rel=\"nofollow\">knowledge transfer to healthcare professionals<\/a><\/h4><p class=\"wpr-feature-list-description\"><\/p><\/div><\/li><li class=\"wpr-feature-list-item elementor-repeater-item-c9dad64\"><div class=\"wpr-feature-list-icon-wrap\"><span class=\"wpr-feature-list-line\"><\/span><div class=\"wpr-feature-list-icon-inner-wrap\"><i aria-hidden=\"true\" class=\"fas fa-circle\"><\/i><\/div><\/div><div class=\"wpr-feature-list-content-wrap\"><h4 class=\"wpr-feature-list-title\"><a class=\"wpr-feature-list-url\" target=\"_blank\" rel=\"nofollow\">information for hypertensive people and the general public<\/a><\/h4><p class=\"wpr-feature-list-description\"><\/p><\/div><\/li><li class=\"wpr-feature-list-item elementor-repeater-item-a0f7acb\"><div class=\"wpr-feature-list-icon-wrap\"><span class=\"wpr-feature-list-line\"><\/span><div class=\"wpr-feature-list-icon-inner-wrap\"><i aria-hidden=\"true\" class=\"fas fa-circle\"><\/i><\/div><\/div><div class=\"wpr-feature-list-content-wrap\"><h4 class=\"wpr-feature-list-title\"><a class=\"wpr-feature-list-url\" target=\"_blank\" rel=\"nofollow\">setting health policies for hypertension in Quebec<\/a><\/h4><p class=\"wpr-feature-list-description\"><\/p><\/div><\/li><\/ul><\/div>\t\t\t\t<\/div>\n\t\t\t\t<\/div>\n\t\t\t\t<div class=\"elementor-element elementor-element-60ba2de elementor-widget elementor-widget-text-editor\" data-id=\"60ba2de\" data-element_type=\"widget\" data-e-type=\"widget\" data-widget_type=\"text-editor.default\">\n\t\t\t\t<div class=\"elementor-widget-container\">\n\t\t\t\t\t\t\t\t\tAs a reference organization, SQHA&#8217;s influence extends far beyond Quebec&#8217;s borders. Its <a href=\"https:\/\/sqha2.hypertension.qc.ca\/\"><strong>website<\/strong><\/a> attracts healthcare professionals and the general public from all over the French-speaking world in search of evidence-based, scientific information. In this way, the SQHA serves as a safeguard against the proliferation of misinformation on social media.\t\t\t\t\t\t\t\t<\/div>\n\t\t\t\t<\/div>\n\t\t\t\t\t<\/div>\n\t\t<\/div>\n\t\t\t\t\t<\/div>\n\t\t<\/section>\n\t\t\t\t<section class=\"elementor-section elementor-top-section elementor-element elementor-element-55f28e9 elementor-section-full_width elementor-section-height-default elementor-section-height-default wpr-particle-no wpr-jarallax-no wpr-parallax-no wpr-sticky-section-no elementor-invisible\" data-id=\"55f28e9\" data-element_type=\"section\" data-e-type=\"section\" data-settings=\"{&quot;background_background&quot;:&quot;classic&quot;,&quot;animation&quot;:&quot;fadeIn&quot;}\">\n\t\t\t\t\t\t\t<div class=\"elementor-background-overlay\"><\/div>\n\t\t\t\t\t\t\t<div class=\"elementor-container elementor-column-gap-default\">\n\t\t\t\t\t<div class=\"elementor-column elementor-col-100 elementor-top-column elementor-element elementor-element-caa6250\" data-id=\"caa6250\" data-element_type=\"column\" data-e-type=\"column\">\n\t\t\t<div class=\"elementor-widget-wrap elementor-element-populated\">\n\t\t\t\t\t\t<div class=\"elementor-element elementor-element-baefdc4 elementor-widget elementor-widget-heading\" data-id=\"baefdc4\" data-element_type=\"widget\" data-e-type=\"widget\" data-widget_type=\"heading.default\">\n\t\t\t\t<div class=\"elementor-widget-container\">\n\t\t\t\t\t<h4 class=\"elementor-heading-title elementor-size-default\">Over the years<\/h4>\t\t\t\t<\/div>\n\t\t\t\t<\/div>\n\t\t\t\t<div class=\"elementor-element elementor-element-b623118 elementor-widget elementor-widget-heading\" data-id=\"b623118\" data-element_type=\"widget\" data-e-type=\"widget\" data-widget_type=\"heading.default\">\n\t\t\t\t<div class=\"elementor-widget-container\">\n\t\t\t\t\t<h2 class=\"elementor-heading-title elementor-size-default\">SQHA has :<\/h2>\t\t\t\t<\/div>\n\t\t\t\t<\/div>\n\t\t\t\t<div class=\"elementor-element elementor-element-18af222 elementor-widget-divider--view-line elementor-widget elementor-widget-divider\" data-id=\"18af222\" data-element_type=\"widget\" data-e-type=\"widget\" data-widget_type=\"divider.default\">\n\t\t\t\t<div class=\"elementor-widget-container\">\n\t\t\t\t\t\t\t<div class=\"elementor-divider\">\n\t\t\t<span class=\"elementor-divider-separator\">\n\t\t\t\t\t\t<\/span>\n\t\t<\/div>\n\t\t\t\t\t\t<\/div>\n\t\t\t\t<\/div>\n\t\t\t\t<section class=\"elementor-section elementor-inner-section elementor-element elementor-element-c8eb40c elementor-section-boxed elementor-section-height-default elementor-section-height-default wpr-particle-no wpr-jarallax-no wpr-parallax-no wpr-sticky-section-no\" data-id=\"c8eb40c\" data-element_type=\"section\" data-e-type=\"section\">\n\t\t\t\t\t\t<div class=\"elementor-container elementor-column-gap-default\">\n\t\t\t\t\t<div class=\"elementor-column elementor-col-33 elementor-inner-column elementor-element elementor-element-e673926\" data-id=\"e673926\" data-element_type=\"column\" data-e-type=\"column\">\n\t\t\t<div class=\"elementor-widget-wrap elementor-element-populated\">\n\t\t\t\t\t\t<div class=\"elementor-element elementor-element-11513e7 poket-star-rating--align-center elementor-widget elementor-widget-witr_section_feature\" data-id=\"11513e7\" data-element_type=\"widget\" data-e-type=\"widget\" data-widget_type=\"witr_section_feature.default\">\n\t\t\t\t<div class=\"elementor-widget-container\">\n\t\t\t\t\t\t\t\n            <div class=\"witr_feature_13 sub-border-2 all_feature_color text-center \">\n\t\t\t\t<!-- image -->\n\t\t\t\t\t\t\t\n\t\t\t\t<div class=\"sub-item same2\">\n\t\t\t\t\n\t\t\t\t\t<!-- number -->\n\t\t\t\t\t\t\t\t\t\t\n\t\t\t\t\t<!-- icon -->\n\t\t\t\t\t\t\n\t\t\t\t\t\t<i class=\"fas fa-award\"><\/i>\n\t\t\t\t\t\t\t\t\t\t<!-- custom icon -->\n\t\t\t\t\t\t\t\t\t\t\n\t\t\t\t\t<!-- image -->\n\t\t\t\t\t\t\n\t\t\t\t\t<!-- title -->\n\t\t\t\t\t\t\t\t\t\t\t\t\t\t\t<h3>Awarded more than $2 million in scholarships <\/h3>\n\t\t\t\t\t\t\t\t\t\t\t\t\t\t\t<!-- Sub title -->\n\t\t\t\t\t\t\t\t\t\t\n\t\t\t\t\t<!-- content -->\n\t\t\t\t\t\t\t\t\t\t\t<p>and prizes to promising students and young researchers <\/p>\t\t\n\t\t\t\t\t\t\t\t\t\t<!-- button -->\n\t\t\t\t\t\t\t\t\t<\/div> <!-- sub item -->\t\t   \n            <\/div> <!-- sub border -->\n\t\t\t\t\t\t<\/div>\n\t\t\t\t<\/div>\n\t\t\t\t\t<\/div>\n\t\t<\/div>\n\t\t\t\t<div class=\"elementor-column elementor-col-33 elementor-inner-column elementor-element elementor-element-9299f2c\" data-id=\"9299f2c\" data-element_type=\"column\" data-e-type=\"column\">\n\t\t\t<div class=\"elementor-widget-wrap elementor-element-populated\">\n\t\t\t\t\t\t<div class=\"elementor-element elementor-element-e66ef0c poket-star-rating--align-center elementor-widget elementor-widget-witr_section_feature\" data-id=\"e66ef0c\" data-element_type=\"widget\" data-e-type=\"widget\" data-widget_type=\"witr_section_feature.default\">\n\t\t\t\t<div class=\"elementor-widget-container\">\n\t\t\t\t\t\t\t\n            <div class=\"witr_feature_13 sub-border-2 all_feature_color text-center \">\n\t\t\t\t<!-- image -->\n\t\t\t\t\t\t\t\n\t\t\t\t<div class=\"sub-item same2\">\n\t\t\t\t\n\t\t\t\t\t<!-- number -->\n\t\t\t\t\t\t\t\t\t\t\n\t\t\t\t\t<!-- icon -->\n\t\t\t\t\t\t\n\t\t\t\t\t\t<i class=\"fas fa-hand-holding-heart\"><\/i>\n\t\t\t\t\t\t\t\t\t\t<!-- custom icon -->\n\t\t\t\t\t\t\t\t\t\t\n\t\t\t\t\t<!-- image -->\n\t\t\t\t\t\t\n\t\t\t\t\t<!-- title -->\n\t\t\t\t\t\t\t\t\t\t\t\t\t\t\t<h3>Offers a comprehensive online training program  <\/h3>\n\t\t\t\t\t\t\t\t\t\t\t\t\t\t\t<!-- Sub title -->\n\t\t\t\t\t\t\t\t\t\t\n\t\t\t\t\t<!-- content -->\n\t\t\t\t\t\t\t\t\t\t\t<p>for front-line healthcare professionals <\/p>\t\t\n\t\t\t\t\t\t\t\t\t\t<!-- button -->\n\t\t\t\t\t\t\t\t\t<\/div> <!-- sub item -->\t\t   \n            <\/div> <!-- sub border -->\n\t\t\t\t\t\t<\/div>\n\t\t\t\t<\/div>\n\t\t\t\t\t<\/div>\n\t\t<\/div>\n\t\t\t\t<div class=\"elementor-column elementor-col-33 elementor-inner-column elementor-element elementor-element-6786ae2\" data-id=\"6786ae2\" data-element_type=\"column\" data-e-type=\"column\">\n\t\t\t<div class=\"elementor-widget-wrap elementor-element-populated\">\n\t\t\t\t\t\t<div class=\"elementor-element elementor-element-8642e00 poket-star-rating--align-center elementor-widget elementor-widget-witr_section_feature\" data-id=\"8642e00\" data-element_type=\"widget\" data-e-type=\"widget\" data-widget_type=\"witr_section_feature.default\">\n\t\t\t\t<div class=\"elementor-widget-container\">\n\t\t\t\t\t\t\t\n            <div class=\"witr_feature_13 sub-border-2 all_feature_color text-center \">\n\t\t\t\t<!-- image -->\n\t\t\t\t\t\t\t\n\t\t\t\t<div class=\"sub-item same2\">\n\t\t\t\t\n\t\t\t\t\t<!-- number -->\n\t\t\t\t\t\t\t\t\t\t\n\t\t\t\t\t<!-- icon -->\n\t\t\t\t\t\t\n\t\t\t\t\t\t<i class=\"flaticon flaticon-like-1\"><\/i>\n\t\t\t\t\t\t\t\t\t\t<!-- custom icon -->\n\t\t\t\t\t\t\t\t\t\t\n\t\t\t\t\t<!-- image -->\n\t\t\t\t\t\t\n\t\t\t\t\t<!-- title -->\n\t\t\t\t\t\t\t\t\t\t\t\t\t\t\t<h3>Publishes, in both languages, more than 60,000 treatment guides <\/h3>\n\t\t\t\t\t\t\t\t\t\t\t\t\t\t\t<!-- Sub title -->\n\t\t\t\t\t\t\t\t\t\t\n\t\t\t\t\t<!-- content -->\n\t\t\t\t\t\t\t\t\t\t\t<p>For patient management, as well as more than 800,000 leaflets and tools for hypertensive patients and the general public <\/p>\t\t\n\t\t\t\t\t\t\t\t\t\t<!-- button -->\n\t\t\t\t\t\t\t\t\t<\/div> <!-- sub item -->\t\t   \n            <\/div> <!-- sub border -->\n\t\t\t\t\t\t<\/div>\n\t\t\t\t<\/div>\n\t\t\t\t\t<\/div>\n\t\t<\/div>\n\t\t\t\t\t<\/div>\n\t\t<\/section>\n\t\t\t\t\t<\/div>\n\t\t<\/div>\n\t\t\t\t\t<\/div>\n\t\t<\/section>\n\t\t\t\t<section class=\"elementor-section elementor-top-section elementor-element elementor-element-abf62d9 elementor-section-boxed elementor-section-height-default elementor-section-height-default wpr-particle-no wpr-jarallax-no wpr-parallax-no wpr-sticky-section-no\" data-id=\"abf62d9\" data-element_type=\"section\" data-e-type=\"section\" data-settings=\"{&quot;background_background&quot;:&quot;classic&quot;}\">\n\t\t\t\t\t\t<div class=\"elementor-container elementor-column-gap-default\">\n\t\t\t\t\t<div class=\"elementor-column elementor-col-100 elementor-top-column elementor-element elementor-element-1548b2b\" data-id=\"1548b2b\" data-element_type=\"column\" data-e-type=\"column\" data-settings=\"{&quot;background_background&quot;:&quot;classic&quot;}\">\n\t\t\t<div class=\"elementor-widget-wrap elementor-element-populated\">\n\t\t\t\t\t\t<section class=\"elementor-section elementor-inner-section elementor-element elementor-element-141e4d5 elementor-section-full_width elementor-section-height-default elementor-section-height-default wpr-particle-no wpr-jarallax-no wpr-parallax-no wpr-sticky-section-no\" data-id=\"141e4d5\" data-element_type=\"section\" data-e-type=\"section\">\n\t\t\t\t\t\t<div class=\"elementor-container elementor-column-gap-default\">\n\t\t\t\t\t<div class=\"elementor-column elementor-col-50 elementor-inner-column elementor-element elementor-element-512aa0a\" data-id=\"512aa0a\" data-element_type=\"column\" data-e-type=\"column\">\n\t\t\t<div class=\"elementor-widget-wrap elementor-element-populated\">\n\t\t\t\t\t\t<div class=\"elementor-element elementor-element-e161974 elementor-widget elementor-widget-heading\" data-id=\"e161974\" data-element_type=\"widget\" data-e-type=\"widget\" data-widget_type=\"heading.default\">\n\t\t\t\t<div class=\"elementor-widget-container\">\n\t\t\t\t\t<h3 class=\"elementor-heading-title elementor-size-default\">Contribute to prevent and control hypertension at every stage of life<\/h3>\t\t\t\t<\/div>\n\t\t\t\t<\/div>\n\t\t\t\t\t<\/div>\n\t\t<\/div>\n\t\t\t\t<div class=\"elementor-column elementor-col-50 elementor-inner-column elementor-element elementor-element-658767a\" data-id=\"658767a\" data-element_type=\"column\" data-e-type=\"column\">\n\t\t\t<div class=\"elementor-widget-wrap elementor-element-populated\">\n\t\t\t\t\t\t<div class=\"elementor-element elementor-element-ad106c5 wpr-button-icon-position-left wpr-button-icon-style-inline elementor-invisible elementor-widget elementor-widget-wpr-button\" data-id=\"ad106c5\" data-element_type=\"widget\" data-e-type=\"widget\" data-settings=\"{&quot;_animation&quot;:&quot;pulse&quot;}\" data-widget_type=\"wpr-button.default\">\n\t\t\t\t<div class=\"elementor-widget-container\">\n\t\t\t\t\t\t\n\t\t\t\n\t\t\n\t\t<div class=\"wpr-button-wrap elementor-clearfix\">\n\t\t<a class=\"wpr-button wpr-button-effect elementor-animation-grow\" data-text=\"\" href=\"\/en\/donation-form\/\" target=\"_blank\" nofollow=\"\">\n\t\t\t\n\t\t\t<span class=\"wpr-button-content\">\n\t\t\t\t\t\t\t\t\t<span class=\"wpr-button-text\">Make a Donation<\/span>\n\t\t\t\t\t\t\t\t\n\t\t\t\t\t\t\t\t\t<span class=\"wpr-button-icon\"><i class=\"fas fa-hand-holding-heart\"><\/i><\/span>\n\t\t\t\t\t\t\t<\/span>\n\t\t<\/a>\n\n\t\t\t\t<\/div>\n\t\n\t\n\t\t\t\t\t<\/div>\n\t\t\t\t<\/div>\n\t\t\t\t\t<\/div>\n\t\t<\/div>\n\t\t\t\t\t<\/div>\n\t\t<\/section>\n\t\t\t\t\t<\/div>\n\t\t<\/div>\n\t\t\t\t\t<\/div>\n\t\t<\/section>\n\t\t\t\t<section class=\"elementor-section elementor-top-section elementor-element elementor-element-03f3c8e elementor-section-boxed elementor-section-height-default elementor-section-height-default wpr-particle-no wpr-jarallax-no wpr-parallax-no wpr-sticky-section-no elementor-invisible\" data-id=\"03f3c8e\" data-element_type=\"section\" data-e-type=\"section\" data-settings=\"{&quot;background_background&quot;:&quot;classic&quot;,&quot;animation&quot;:&quot;fadeIn&quot;}\">\n\t\t\t\t\t\t<div class=\"elementor-container elementor-column-gap-wide\">\n\t\t\t\t\t<div class=\"elementor-column elementor-col-100 elementor-top-column elementor-element elementor-element-01b5c9e\" data-id=\"01b5c9e\" data-element_type=\"column\" data-e-type=\"column\">\n\t\t\t<div class=\"elementor-widget-wrap elementor-element-populated\">\n\t\t\t\t\t\t<div class=\"elementor-element elementor-element-17fb3a2 wpr-dual-heading-icon-top elementor-widget elementor-widget-wpr-dual-color-heading\" data-id=\"17fb3a2\" data-element_type=\"widget\" data-e-type=\"widget\" data-widget_type=\"wpr-dual-color-heading.default\">\n\t\t\t\t<div class=\"elementor-widget-container\">\n\t\t\t\t\t\t\t\t<div class=\"wpr-dual-heading-wrap\">\n\t\t\t\t<div class=\"wpr-dual-title-wrap\">\n\t\t\t\t\t<h2 class=\"wpr-dual-title\">\n\t\t\t\t\t\t\t\t\t\t\t<span class=\"first\">SQHA : <\/span>\n\t\t\t\t\t\t\t\t\t\t\n\t\t\t\t\t\t\t\t\t\t\t<span class=\"second\">unique in its specificity<\/span>\n\t\t\t\t\t\t\t\t\t\t<\/h2>\n\t\t\t\t<\/div>\n\t\t\t\t\n\t\t\t\t\t\t\t\t\t<div class=\"wpr-dual-heading-description\" ><\/div>\n\t\t\t\t\n\t\t\t\t\n\t\t\t<\/div>\n\t\t\t\t\t\t<\/div>\n\t\t\t\t<\/div>\n\t\t\t\t<div class=\"elementor-element elementor-element-0d781e3 elementor-widget elementor-widget-text-editor\" data-id=\"0d781e3\" data-element_type=\"widget\" data-e-type=\"widget\" data-widget_type=\"text-editor.default\">\n\t\t\t\t<div class=\"elementor-widget-container\">\n\t\t\t\t\t\t\t\t\tThe growing complexity of hypertension, diagnosed not only in adults and the elderly, but also in children, adolescents, pregnant and post-partum women, requires constant updating of scientific knowledge.\n\nAs such, SQHA is the only organization dedicated exclusively to the prevention and control of hypertension at all stages of life.\t\t\t\t\t\t\t\t<\/div>\n\t\t\t\t<\/div>\n\t\t\t\t<div class=\"elementor-element elementor-element-c1dd61b wpr-button-icon-style-inline wpr-button-icon-position-right elementor-invisible elementor-widget elementor-widget-wpr-button\" data-id=\"c1dd61b\" data-element_type=\"widget\" data-e-type=\"widget\" data-settings=\"{&quot;_animation&quot;:&quot;pulse&quot;}\" data-widget_type=\"wpr-button.default\">\n\t\t\t\t<div class=\"elementor-widget-container\">\n\t\t\t\t\t\t\n\t\t\t\n\t\t\n\t\t<div class=\"wpr-button-wrap elementor-clearfix\">\n\t\t<a class=\"wpr-button wpr-button-effect elementor-animation-pulse-grow\" data-text=\"\" href=\"https:\/\/sqha2.hypertension.qc.ca\/\" target=\"_blank\" nofollow=\"\">\n\t\t\t\n\t\t\t<span class=\"wpr-button-content\">\n\t\t\t\t\t\t\t\t\t<span class=\"wpr-button-text\">Visit the SQHA website<\/span>\n\t\t\t\t\t\t\t\t\n\t\t\t\t\t\t\t<\/span>\n\t\t<\/a>\n\n\t\t\t\t<\/div>\n\t\n\t\n\t\t\t\t\t<\/div>\n\t\t\t\t<\/div>\n\t\t\t\t\t<\/div>\n\t\t<\/div>\n\t\t\t\t\t<\/div>\n\t\t<\/section>\n\t\t\t\t<\/div>\n\t\t","protected":false},"excerpt":{"rendered":"<p>A learned society serving Quebecers&#8230; and the entire French-speaking world Founded in 1992, the Soci\u00e9t\u00e9 qu\u00e9b\u00e9coise d&#8217;hypertension art\u00e9rielle (SQHA) is a non-profit organization of over 500 healthcare professionals, researchers and partners committed to the fight against hypertension and its associated risk factors. To ensure the improvement of Quebecers&#8217; cardiovascular health, as well as excellence in care, the SQHA contributes to : fundamental and clinical research knowledge transfer to healthcare professionals information for hypertensive people and the general public setting health policies for hypertension in Quebec As a reference organization, SQHA&#8217;s influence extends far beyond Quebec&#8217;s borders. Its website attracts healthcare professionals and the general public from all over the French-speaking world in search of evidence-based, scientific information. In this way, the SQHA serves as a safeguard against the proliferation of misinformation on social media. Over the years SQHA has : Awarded more than $2 million in scholarships and prizes to promising students and young researchers Offers a comprehensive online training program for front-line healthcare professionals Publishes, in both languages, more than 60,000 treatment guides For patient management, as well as more than 800,000 leaflets and tools for hypertensive patients and the general public Contribute to prevent and control hypertension at every stage of life Make a Donation SQHA : unique in its specificity The growing complexity of hypertension, diagnosed not only in adults and the elderly, but also in children, adolescents, pregnant and post-partum women, requires constant updating of scientific knowledge. As such, SQHA is the only organization dedicated exclusively to the prevention and control of hypertension at all stages of life. Visit the SQHA website<\/p>\n","protected":false},"author":1,"featured_media":0,"parent":0,"menu_order":2,"comment_status":"closed","ping_status":"closed","template":"template-page.php","meta":{"give_campaign_id":0,"footnotes":""},"class_list":["post-11760","page","type-page","status-publish","hentry"],"aioseo_notices":[],"campaignId":"","_links":{"self":[{"href":"https:\/\/fondationsqha.ca\/en\/wp-json\/wp\/v2\/pages\/11760","targetHints":{"allow":["GET"]}}],"collection":[{"href":"https:\/\/fondationsqha.ca\/en\/wp-json\/wp\/v2\/pages"}],"about":[{"href":"https:\/\/fondationsqha.ca\/en\/wp-json\/wp\/v2\/types\/page"}],"author":[{"embeddable":true,"href":"https:\/\/fondationsqha.ca\/en\/wp-json\/wp\/v2\/users\/1"}],"replies":[{"embeddable":true,"href":"https:\/\/fondationsqha.ca\/en\/wp-json\/wp\/v2\/comments?post=11760"}],"version-history":[{"count":12,"href":"https:\/\/fondationsqha.ca\/en\/wp-json\/wp\/v2\/pages\/11760\/revisions"}],"predecessor-version":[{"id":18608,"href":"https:\/\/fondationsqha.ca\/en\/wp-json\/wp\/v2\/pages\/11760\/revisions\/18608"}],"wp:attachment":[{"href":"https:\/\/fondationsqha.ca\/en\/wp-json\/wp\/v2\/media?parent=11760"}],"curies":[{"name":"wp","href":"https:\/\/api.w.org\/{rel}","templated":true}]}}