{"id":17346,"date":"2024-04-18T11:22:35","date_gmt":"2024-04-18T16:22:35","guid":{"rendered":"https:\/\/fondationsqha.ca\/about-the-foundation\/organizational-chart\/"},"modified":"2024-10-08T10:31:59","modified_gmt":"2024-10-08T15:31:59","slug":"organizational-chart","status":"publish","type":"page","link":"https:\/\/fondationsqha.ca\/en\/about-the-foundation\/organizational-chart\/","title":{"rendered":"Organizational chart"},"content":{"rendered":"\t\t<div data-elementor-type=\"wp-page\" data-elementor-id=\"17346\" class=\"elementor elementor-17346 elementor-15963\">\n\t\t\t\t\t\t<section class=\"elementor-section elementor-top-section elementor-element elementor-element-c1fff07 elementor-section-full_width elementor-section-height-default elementor-section-height-default wpr-particle-no wpr-jarallax-no wpr-parallax-no wpr-sticky-section-no\" data-id=\"c1fff07\" data-element_type=\"section\" data-e-type=\"section\">\n\t\t\t\t\t\t<div class=\"elementor-container elementor-column-gap-default\">\n\t\t\t\t\t<div class=\"elementor-column elementor-col-100 elementor-top-column elementor-element elementor-element-aef8ade\" data-id=\"aef8ade\" data-element_type=\"column\" data-e-type=\"column\">\n\t\t\t<div class=\"elementor-widget-wrap elementor-element-populated\">\n\t\t\t\t\t\t<div class=\"elementor-element elementor-element-81e7381 elementor-widget elementor-widget-html\" data-id=\"81e7381\" data-element_type=\"widget\" data-e-type=\"widget\" data-widget_type=\"html.default\">\n\t\t\t\t<div class=\"elementor-widget-container\">\n\t\t\t\t\t<figure class=\"org-chart cf\">\r\n<div class=\"board premierBloc\">\r\n<ul class=\"columnThree FirstLevel\">\r\n<li class=\"vide\" style=\"top: 0 !important;\">\u00a0<\/li>\r\n<li style=\"top: 0 !important;\">\r\n<span style=\"background:#bc0000;\"><h1 style=\"color: #fff;font-weight:600;\">General Meeting of Members<\/h1><\/span>\r\n<\/li>\r\n<li style=\"top: 0 !important;\">\u00a0<\/li>\r\n<\/ul>\r\n<ul class=\"columnOne\">\r\n<li><span style=\"background: #545454; color: #fff;\"> <strong>Board of Directors<\/strong> <br \/>President: Maxime Lamarre-Cliche - MD MSc<br \/>Vice President and Secretary: R\u00e9mi Goupil - MD MSc<br \/>Past President: Mohsen Agharazii - MDc<br \/><br \/>Administrators:<br \/>Louis-Charles Desbiens - MD MSc<br \/>Catherine Fortier - PhD<br \/>Daniel Gagnon - PhD<br \/>Mathilde Par\u00e9 - MD MSc<br \/>Audrey Drapeau - Doctorante<br \/><em>Student representative<\/em><\/span><\/li>\r\n<\/ul>\r\n<ul class=\"columnTwo conseil-admin\">\r\n<li style=\"top: 0 !important;\"><span style=\"background: #5FB9D4;\"><strong>General Direction<\/strong> <br \/>France Boulianne - Inf BSc<\/span>\r\n<ul class=\"sections ConAdmin\">\r\n <li class=\"section\" style=\"min-height: unset !important;padding: 0 !important;width: 100%;\"> <span>\r\n <strong>Websites \u2013 SQHA and Foundation<\/strong> <br>\r\n France Boulianne \u2013 Inf BSc\r\n <\/span>\r\n <\/li> \r\n<\/ul>\r\n<\/li>\r\n<li><span style=\"background: #5FB9D4;\"><strong>Executive Committee<\/strong> <br \/>Maxime Lamarre-Cliche - MD MSc<br \/><em>President<\/em><br \/>R\u00e9mi Goupil - MD MSc<br \/><em>Vice President and Secretary<\/em><br \/>Mohsen Agharazii - MD<br \/><em>Past President<\/em><\/span><\/li>\r\n<\/ul>\r\n<\/div>\r\n<!--end of board-->\r\n<ul class=\"columnTwo fond-admin\">\r\n<li style=\"top: 0 !important;\">\r\n<span style=\"background:#D9A32D; padding:20px 30px;\"><h2 style=\"color: #fff;font-weight:600;\">Foundation of the SQHA<br> <span style=\"background:unset; padding:unset; font-size:14px;line-height:16px;\">(Soci\u00e9t\u00e9 qu\u00e9b\u00e9coise d\u2019hypertension art\u00e9rielle)<\/span><\/h2><\/span>\r\n<ul class=\"sections Fondation\">\r\n <li class=\"section\"> <span>\r\n <strong>Major Campaign Preparatory Committee<\/strong><br>\r\n Mohsen Agharazii \u2013 MD<br>\r\n France Boulianne \u2013 inf BSc<br>\r\n Anne-Marie C\u00f4t\u00e9 \u2013 MD MHSc<br>\r\n Mathilde Par\u00e9 \u2013 MD MSc<br>\r\nCommunications Manager<br><br>\r\nEsther Tranchemontagne et M\u00e9lysa Rivard<br>\r\nBNP Philanthropic Performance\r\n <\/span>\r\n <\/li>\r\n <li class=\"section\"> <span>\r\n <strong>Honorary Committee<\/strong><br>\r\n Gabriel Boulianne Gobeil - Avocat<br>\r\nDavies Ward Phillips & Vineberg<br><br>\r\nMarcel Lebel - MD<br>\r\nEmeritus Professor of Medicine<br>\r\nLaval University\r\n <\/span>\r\n <\/li> \r\n <\/ul>\r\n<\/li>\r\n<li class=\"deps\">\r\n<ul class=\"departments\">\r\n<li class=\"department \" style=\"float: left; margin: 0px 4px;\">\r\n <span class=\"lvl-b\">\r\n <strong>Scientific knowledge transfer<\/strong><br>\r\n <\/span>\r\n <ul class=\"sections\">\r\n <li class=\"section\"> <span>\r\n <strong style=\"color:#2aa2c5;\">Annual scientific meeting<\/strong><br>\r\n Anne-Marie C\u00f4t\u00e9 \u2013 MD MHSc<br>\r\n Maxime Lamarre-Cliche \u2013 MD MSc<br>\r\n Mohsen Agharazii \u2013 MD<br> \r\n R\u00e9mi Goupil \u2013 MD MSc<br>\r\n Alain Milot \u2013 MD MSc<br> \r\n Guy Rousseau \u2013 PhD<br>\r\n Catherine Fortier \u2013 PhD<br> \r\n Mathilde Par\u00e9 \u2013 MD MSc<br>\r\n Louis-Charles Desbiens \u2013 MD MSc\r\n <\/span>\r\n <\/li><!--end of section-->\r\n <li class=\"section\"> <span>\r\n <strong style=\"color:#2aa2c5;\">Scientific evaluation<\/strong><br>\r\n <strong>Fellowships - Scientific papers - New Investigator Award<\/strong><br>\r\n R\u00e9mi Goupil \u2013 MD MSc<br>\r\n Catherine Fortier \u2013 PhD<br>\r\n Guy Rousseau \u2013 PhD \r\n <\/span>\r\n <\/li><!--end of section-->\r\n <\/ul>\r\n <\/li>\r\n<!--end of department-->\r\n<li class=\"department \" style=\"float: left; margin: 0px 4px;\">\r\n <span class=\"lvl-b\">\r\n <strong>Specialized training for healthcare professionals<\/strong><br>\r\n <\/span>\r\n <ul class=\"sections\">\r\n <li class=\"section\"> <span>\r\n <strong style=\"color:#2aa2c5;\">Management of hypertensive patients<\/strong><br>\r\n <strong>Adults<br>Children and adolescents Pregnancy and post-partum<\/strong><br>\r\n France Boulianne \u2013 inf BSc<br>\r\n Alain Milot \u2013 MD MSc\r\n <\/span>\r\n <\/li><!--end of section-->\r\n <ul class=\"sections\">\r\n <li class=\"section JourFormation\"> <span>\r\n <strong style=\"color:#2aa2c5;\">Clinical training day<\/strong><br>\r\n S\u00e9bastien Savard \u2013 MD <br>\r\nFrance Boulianne \u2013 inf BSc\r\n <\/span>\r\n <\/li><!--end of section-->\r\n <li class=\"section JourFormation\"> <span>\r\n <strong style=\"color:#2aa2c5;\">Online training<\/strong><br>\r\n Maxime Lamarre-Cliche \u2013 MD MSc\r\n <\/span>\r\n <\/li><!--end of section-->\r\n <\/ul>\r\n <li class=\"section\"> <span>\r\n <strong style=\"color:#2aa2c5;\">Educational tools<\/strong><br>\r\n Alain Milot \u2013 MD MSc<br>\r\n Sonia Boulanger \u2013 BPharm MSc\r\n <\/span>\r\n <\/li><!--end of section-->\r\n <\/ul>\r\n <\/li>\r\n<!--end of department-->\r\n<li class=\"department \" style=\"float: left; margin: 0px 4px;\">\r\n <span class=\"lvl-b\">\r\n <strong>Sensitization and screening<br><\/strong><br>\r\n <\/span>\r\n <ul class=\"sections\">\r\n <li class=\"section\"> <span>\r\n <strong style=\"color:#2aa2c5;\">Awareness and screening activities<\/strong><br>\r\n Anne-Marie C\u00f4t\u00e9 \u2013 MD MHSc<br>\r\n Maxime Lamarre-Cliche \u2013 MD MSc<br>\r\n R\u00e9mi Goupil \u2013 MD MSc<br>\r\n Catherine Fortier \u2013 PhD<br>\r\n Alain Milot \u2013 MD MSc<br>\r\n Guy Rousseau \u2013 PhD<br>\r\n Mohsen Agharazii \u2013 MD \r\n <\/span>\r\n <\/li><!--end of section-->\r\n <\/ul>\r\n <\/li>\r\n<!--end of department--><\/ul>\r\n<\/li>\r\n<\/ul>\r\n<!--end of board--><\/figure>\r\n<div class=\"clearboth\">\u00a0<\/div>\t\t\t\t<\/div>\n\t\t\t\t<\/div>\n\t\t\t\t\t<\/div>\n\t\t<\/div>\n\t\t\t\t\t<\/div>\n\t\t<\/section>\n\t\t\t\t<\/div>\n\t\t","protected":false},"excerpt":{"rendered":"<p>\u00a0 General Meeting of Members \u00a0 Board of Directors President: Maxime Lamarre-Cliche &#8211; MD MScVice President and Secretary: R\u00e9mi Goupil &#8211; MD MScPast President: Mohsen Agharazii &#8211; MDc Administrators:Louis-Charles Desbiens &#8211; MD MScCatherine Fortier &#8211; PhDDaniel Gagnon &#8211; PhDMathilde Par\u00e9 &#8211; MD MScAudrey Drapeau &#8211; DoctoranteStudent representative General Direction France Boulianne &#8211; Inf BSc Websites \u2013 SQHA and Foundation France Boulianne \u2013 Inf BSc Executive Committee Maxime Lamarre-Cliche &#8211; MD MScPresidentR\u00e9mi Goupil &#8211; MD MScVice President and SecretaryMohsen Agharazii &#8211; MDPast President Foundation of the SQHA (Soci\u00e9t\u00e9 qu\u00e9b\u00e9coise d\u2019hypertension art\u00e9rielle) Major Campaign Preparatory Committee Mohsen Agharazii \u2013 MD France Boulianne \u2013 inf BSc Anne-Marie C\u00f4t\u00e9 \u2013 MD MHSc Mathilde Par\u00e9 \u2013 MD MSc Communications Manager Esther Tranchemontagne et M\u00e9lysa Rivard BNP Philanthropic Performance Honorary Committee Gabriel Boulianne Gobeil &#8211; Avocat Davies Ward Phillips &#038; Vineberg Marcel Lebel &#8211; MD Emeritus Professor of Medicine Laval University Scientific knowledge transfer Annual scientific meeting Anne-Marie C\u00f4t\u00e9 \u2013 MD MHSc Maxime Lamarre-Cliche \u2013 MD MSc Mohsen Agharazii \u2013 MD R\u00e9mi Goupil \u2013 MD MSc Alain Milot \u2013 MD MSc Guy Rousseau \u2013 PhD Catherine Fortier \u2013 PhD Mathilde Par\u00e9 \u2013 MD MSc Louis-Charles Desbiens \u2013 MD MSc Scientific evaluation Fellowships &#8211; Scientific papers &#8211; New Investigator Award R\u00e9mi Goupil \u2013 MD MSc Catherine Fortier \u2013 PhD Guy Rousseau \u2013 PhD Specialized training for healthcare professionals Management of hypertensive patients AdultsChildren and adolescents Pregnancy and post-partum France Boulianne \u2013 inf BSc Alain Milot \u2013 MD MSc Clinical training day S\u00e9bastien Savard \u2013 MD France Boulianne \u2013 inf BSc Online training Maxime Lamarre-Cliche \u2013 MD MSc Educational tools Alain Milot \u2013 MD MSc Sonia Boulanger \u2013 BPharm MSc Sensitization and screening Awareness and screening activities Anne-Marie C\u00f4t\u00e9 \u2013 MD MHSc Maxime Lamarre-Cliche \u2013 MD MSc R\u00e9mi Goupil \u2013 MD MSc Catherine Fortier \u2013 PhD Alain Milot \u2013 MD MSc Guy Rousseau \u2013 PhD Mohsen Agharazii \u2013 MD \u00a0<\/p>\n","protected":false},"author":1,"featured_media":0,"parent":14617,"menu_order":2,"comment_status":"closed","ping_status":"closed","template":"elementor_header_footer","meta":{"give_campaign_id":0,"footnotes":""},"class_list":["post-17346","page","type-page","status-publish","hentry"],"aioseo_notices":[],"campaignId":"","_links":{"self":[{"href":"https:\/\/fondationsqha.ca\/en\/wp-json\/wp\/v2\/pages\/17346","targetHints":{"allow":["GET"]}}],"collection":[{"href":"https:\/\/fondationsqha.ca\/en\/wp-json\/wp\/v2\/pages"}],"about":[{"href":"https:\/\/fondationsqha.ca\/en\/wp-json\/wp\/v2\/types\/page"}],"author":[{"embeddable":true,"href":"https:\/\/fondationsqha.ca\/en\/wp-json\/wp\/v2\/users\/1"}],"replies":[{"embeddable":true,"href":"https:\/\/fondationsqha.ca\/en\/wp-json\/wp\/v2\/comments?post=17346"}],"version-history":[{"count":13,"href":"https:\/\/fondationsqha.ca\/en\/wp-json\/wp\/v2\/pages\/17346\/revisions"}],"predecessor-version":[{"id":19107,"href":"https:\/\/fondationsqha.ca\/en\/wp-json\/wp\/v2\/pages\/17346\/revisions\/19107"}],"up":[{"embeddable":true,"href":"https:\/\/fondationsqha.ca\/en\/wp-json\/wp\/v2\/pages\/14617"}],"wp:attachment":[{"href":"https:\/\/fondationsqha.ca\/en\/wp-json\/wp\/v2\/media?parent=17346"}],"curies":[{"name":"wp","href":"https:\/\/api.w.org\/{rel}","templated":true}]}}