{"id":18539,"date":"2024-07-25T10:10:17","date_gmt":"2024-07-25T15:10:17","guid":{"rendered":"https:\/\/fondationsqha.ca\/about-the-foundation\/donors\/"},"modified":"2025-12-04T09:21:06","modified_gmt":"2025-12-04T14:21:06","slug":"donors","status":"publish","type":"page","link":"https:\/\/fondationsqha.ca\/en\/about-the-foundation\/donors\/","title":{"rendered":"Donors"},"content":{"rendered":"\t\t<div data-elementor-type=\"wp-page\" data-elementor-id=\"18539\" class=\"elementor elementor-18539 elementor-18170\">\n\t\t\t\t\t\t<section class=\"elementor-section elementor-top-section elementor-element elementor-element-1741f2c elementor-section-height-min-height elementor-section-boxed elementor-section-height-default elementor-section-items-middle wpr-particle-no wpr-jarallax-no wpr-parallax-no wpr-sticky-section-no elementor-invisible\" data-id=\"1741f2c\" data-element_type=\"section\" data-e-type=\"section\" data-settings=\"{&quot;background_background&quot;:&quot;classic&quot;,&quot;animation&quot;:&quot;fadeIn&quot;}\">\n\t\t\t\t\t\t\t<div class=\"elementor-background-overlay\"><\/div>\n\t\t\t\t\t\t\t<div class=\"elementor-container elementor-column-gap-default\">\n\t\t\t\t\t<div class=\"elementor-column elementor-col-100 elementor-top-column elementor-element elementor-element-9289890\" data-id=\"9289890\" data-element_type=\"column\" data-e-type=\"column\">\n\t\t\t<div class=\"elementor-widget-wrap\">\n\t\t\t\t\t\t\t<\/div>\n\t\t<\/div>\n\t\t\t\t\t<\/div>\n\t\t<\/section>\n\t\t\t\t<section class=\"elementor-section elementor-top-section elementor-element elementor-element-d6dbc32 elementor-section-content-middle elementor-section-boxed elementor-section-height-default elementor-section-height-default wpr-jarallax-no wpr-parallax-no wpr-sticky-section-no elementor-invisible\" data-id=\"d6dbc32\" data-element_type=\"section\" data-e-type=\"section\" data-settings=\"{&quot;background_background&quot;:&quot;classic&quot;,&quot;animation&quot;:&quot;fadeIn&quot;}\">\n\t\t\t\t\t\t\t<div class=\"elementor-background-overlay\"><\/div>\n\t\t\t\t\t\t\t<div class=\"elementor-container elementor-column-gap-wide\">\n\t\t\t\t\t<div class=\"elementor-column elementor-col-100 elementor-top-column elementor-element elementor-element-059cce4\" data-id=\"059cce4\" data-element_type=\"column\" data-e-type=\"column\">\n\t\t\t<div class=\"elementor-widget-wrap elementor-element-populated\">\n\t\t\t\t\t\t<section class=\"elementor-section elementor-inner-section elementor-element elementor-element-e378ef0 elementor-section-boxed elementor-section-height-default elementor-section-height-default wpr-jarallax-no wpr-parallax-no wpr-sticky-section-no\" data-id=\"e378ef0\" data-element_type=\"section\" data-e-type=\"section\">\n\t\t\t\t\t\t<div class=\"elementor-container elementor-column-gap-wider\">\n\t\t\t\t\t<div class=\"elementor-column elementor-col-100 elementor-inner-column elementor-element elementor-element-34d4b80\" data-id=\"34d4b80\" data-element_type=\"column\" data-e-type=\"column\">\n\t\t\t<div class=\"elementor-widget-wrap elementor-element-populated\">\n\t\t\t\t\t\t<div class=\"elementor-element elementor-element-e826258 wpr-dual-heading-icon-top elementor-widget elementor-widget-wpr-dual-color-heading\" data-id=\"e826258\" data-element_type=\"widget\" data-e-type=\"widget\" data-widget_type=\"wpr-dual-color-heading.default\">\n\t\t\t\t<div class=\"elementor-widget-container\">\n\t\t\t\t\t\t\t\t<div class=\"wpr-dual-heading-wrap\">\n\t\t\t\t<div class=\"wpr-dual-title-wrap\">\n\t\t\t\t\t<h1 class=\"wpr-dual-title\">\n\t\t\t\t\t\t\t\t\t\t\t<span class=\"first\">Thank You<\/span>\n\t\t\t\t\t\t\t\t\t\t\n\t\t\t\t\t\t\t\t\t\t\t<span class=\"second\">to our generous donors<\/span>\n\t\t\t\t\t\t\t\t\t\t<\/h1>\n\t\t\t\t<\/div>\n\t\t\t\t\n\t\t\t\t\t\t\t\t\t<div class=\"wpr-dual-heading-description\" >for their invaluable support!<\/div>\n\t\t\t\t\n\t\t\t\t\n\t\t\t<\/div>\n\t\t\t\t\t\t<\/div>\n\t\t\t\t<\/div>\n\t\t\t\t<div class=\"elementor-element elementor-element-7326a99 elementor-widget elementor-widget-text-editor\" data-id=\"7326a99\" data-element_type=\"widget\" data-e-type=\"widget\" data-widget_type=\"text-editor.default\">\n\t\t\t\t<div class=\"elementor-widget-container\">\n\t\t\t\t\t\t\t\t\t<p>Your enthusiasm and commitment, as well as those of our partners, are essential to support us in raising awareness, screening, management and training regarding high blood pressure.<\/p><p>The Fondation de la Soci\u00e9t\u00e9 qu\u00e9b\u00e9coise d\u2019hypertension arti\u00e9lle pays tribute to individuals, foundations and companies that have made donations in support of its cause.<\/p>\t\t\t\t\t\t\t\t<\/div>\n\t\t\t\t<\/div>\n\t\t\t\t\t<\/div>\n\t\t<\/div>\n\t\t\t\t\t<\/div>\n\t\t<\/section>\n\t\t\t\t<div class=\"elementor-element elementor-element-2212a11 wpr-advanced-accordion-icon-side-curve elementor-widget elementor-widget-wpr-advanced-accordion\" data-id=\"2212a11\" data-element_type=\"widget\" data-e-type=\"widget\" data-settings=\"{&quot;active_item&quot;:1}\" data-widget_type=\"wpr-advanced-accordion.default\">\n\t\t\t\t<div class=\"elementor-widget-container\">\n\t\t\t\t\t\n            <div class=\"wpr-advanced-accordion\" data-accordion-type=\"accordion\" data-active-index=\"1\" data-accordion-trigger=\"click\" data-interaction-speed=\"0.4\">\n\n\t\t\t\n                \n\t\t\t\t\t<div class=\"wpr-accordion-item-wrap\">\n\t\t\t\t\t\t<button class=\"wpr-acc-button\">\n\t\t\t\t\t\t\t<span class=\"wpr-acc-item-title\">\n\t\t\t\t\t\t\t\t\t\t\t\t\t\t\t\t\t<div class=\"wpr-acc-icon-box\">\n\t\t\t\t\t\t\t\t\t\t\t\t\t\t<span class=\"wpr-title-icon\">\n\t\t\t\t\t<i aria-hidden=\"true\" class=\"icofont icofont-wind-waves\"><\/i>\t\t\t\t<\/span>\n\t\t\t\t\t\t\t\t\t\t\t\t\t<div class=\"wpr-acc-icon-box-after\"><\/div>\n\t\t\t\t\t\t\t\t\t<\/div>\n\t\t\t\t\t\t\t\t\n\t\t\t\t\t\t\t\t<h2 class=\"wpr-acc-title-text\">MOMENTUM (Up to $4,999)<\/h2>\n\t\t\t\t\t\t\t<\/span>\n\t\t\t\t\t\t\t\t\t\t\t<span class=\"wpr-toggle-icon wpr-ti-close\"><i aria-hidden=\"true\" class=\"ti ti-arrow-circle-right\"><\/i><\/span>\n\t\t\t\t<span class=\"wpr-toggle-icon wpr-ti-open\"><i aria-hidden=\"true\" class=\"ti ti-arrow-circle-down\"><\/i><\/span>\n\t\t\t\t\t\t\t\t\t<\/button>\n\n\t\t\t\t\t\t<div class=\"wpr-acc-panel\">\n\t\t\t\t\t\t\t\t\t\t\t\t\t\t\t<div class=\"wpr-acc-panel-content\"><section class=\"grid donateurs-cat\">\n<div class=\"grid-group\">\n<div class=\"grid-group-image\"><\/div>\n<div class=\"grid-group-meta\">\n<h5>Amir Agharazii<\/h5>\n<h6><\/h6>\n<\/div>\n<\/div>\n<div class=\"grid-group\">\n<div class=\"grid-group-image\"><\/div>\n<div class=\"grid-group-meta\">\n<h5>Aryan Agharazii<\/h5>\n<h6><\/h6>\n<\/div>\n<\/div>\n<div class=\"grid-group\">\n<div class=\"grid-group-image\"><\/div>\n<div class=\"grid-group-meta\">\n<h5>Ashkan Agharazii<\/h5>\n<h6><\/h6>\n<\/div>\n<\/div>\n<div class=\"grid-group\">\n<div class=\"grid-group-image\"><\/div>\n<div class=\"grid-group-meta\">\n<h5>Azar Agharazii<\/h5>\n<h6><\/h6>\n<\/div>\n<\/div>\n<div class=\"grid-group\">\n<div class=\"grid-group-image\"><\/div>\n<div class=\"grid-group-meta\">\n<h5>Niloufar Agharazii<\/h5>\n<h6><\/h6>\n<\/div>\n<\/div>\n<div class=\"grid-group\">\n<div class=\"grid-group-image\"><\/div>\n<div class=\"grid-group-meta\">\n<h5>Dominique Auger<\/h5>\n<h6><\/h6>\n<\/div>\n<\/div>\n<div class=\"grid-group\">\n<div class=\"grid-group-image\"><\/div>\n<div class=\"grid-group-meta\">\n<h5>Anne-C\u00e9cile Berlan<\/h5>\n<h6><\/h6>\n<\/div>\n<\/div>\n<div class=\"grid-group\">\n<div class=\"grid-group-image\"><\/div>\n<div class=\"grid-group-meta\">\n<h5>Lorelei Berthou<\/h5>\n<h6><\/h6>\n<\/div>\n<\/div>\n<div class=\"grid-group\">\n<div class=\"grid-group-image\"><\/div>\n<div class=\"grid-group-meta\">\n<h5>Michel Champoux<\/h5>\n<h6><\/h6>\n<\/div>\n<\/div>\n<div class=\"grid-group\">\n<div class=\"grid-group-image\"><\/div>\n<div class=\"grid-group-meta\">\n<h5>Anne-Marie C\u00f4t\u00e9<\/h5>\n<h6><\/h6>\n<\/div>\n<\/div>\n<div class=\"grid-group\">\n<div class=\"grid-group-image\"><\/div>\n<div class=\"grid-group-meta\">\n<h5>Denis deBlois<\/h5>\n<h6><\/h6>\n<\/div>\n<\/div>\n<div class=\"grid-group\">\n<div class=\"grid-group-image\"><\/div>\n<div class=\"grid-group-meta\">\n<h5>Gilbert D\u00e9carie<\/h5>\n<h6><\/h6>\n<\/div>\n<\/div>\n<div class=\"grid-group\">\n<div class=\"grid-group-image\"><\/div>\n<div class=\"grid-group-meta\">\n<h5>Souad El Ouakfaoui<\/h5>\n<h6><\/h6>\n<\/div>\n<\/div>\n<div class=\"grid-group\">\n<div class=\"grid-group-image\"><\/div>\n<div class=\"grid-group-meta\">\n<h5>Mostafa Faghfoury<\/h5>\n<h6><\/h6>\n<\/div>\n<\/div>\n<div class=\"grid-group\">\n<div class=\"grid-group-image\"><\/div>\n<div class=\"grid-group-meta\">\n<h5>Famille Madeleine\nMichaud-L\u00e9vesque<\/h5>\n<h6><\/h6>\n<\/div>\n<\/div>\n<div class=\"grid-group\">\n<div class=\"grid-group-image\"><\/div>\n<div class=\"grid-group-meta\">\n<h5>Anne Goupil<\/h5>\n<h6><\/h6>\n<\/div>\n<\/div>\n<div class=\"grid-group\">\n<div class=\"grid-group-image\"><\/div>\n<div class=\"grid-group-meta\">\n<h5>Bruno Goupil<\/h5>\n<h6><\/h6>\n<\/div>\n<\/div>\n<div class=\"grid-group\">\n<div class=\"grid-group-image\"><\/div>\n<div class=\"grid-group-meta\">\n<h5>Isabelle Houde<\/h5>\n<h6><\/h6>\n<\/div>\n<\/div>\n<div class=\"grid-group\">\n<div class=\"grid-group-image\"><\/div>\n<div class=\"grid-group-meta\">\n<h5>Sanam Khataei<\/h5>\n<h6><\/h6>\n<\/div>\n<\/div>\n<div class=\"grid-group\">\n<div class=\"grid-group-image\"><\/div>\n<div class=\"grid-group-meta\">\n<h5>Dary Laflamme<\/h5>\n<h6><\/h6>\n<\/div>\n<\/div>\n<div class=\"grid-group\">\n<div class=\"grid-group-image\"><\/div>\n<div class=\"grid-group-meta\">\n<h5>Maxime Lamarre-Cliche<\/h5>\n<h6><\/h6>\n<\/div>\n<\/div>\n<div class=\"grid-group\">\n<div class=\"grid-group-image\"><\/div>\n<div class=\"grid-group-meta\">\n<h5>Pierre Larochelle<\/h5>\n<h6><\/h6>\n<\/div>\n<\/div>\n<div class=\"grid-group\">\n<div class=\"grid-group-image\"><\/div>\n<div class=\"grid-group-meta\">\n<h5>Louise Lavall\u00e9e<\/h5>\n<h6><\/h6>\n<\/div>\n<\/div>\n<div class=\"grid-group\">\n<div class=\"grid-group-image\"><\/div>\n<div class=\"grid-group-meta\">\n<h5>Caroline Lavigne<\/h5>\n<h6><\/h6>\n<\/div>\n<\/div>\n<div class=\"grid-group\">\n<div class=\"grid-group-image\"><\/div>\n<div class=\"grid-group-meta\">\n<h5>Louise Lemay<\/h5>\n<h6><\/h6>\n<\/div>\n<\/div>\n<div class=\"grid-group\">\n<div class=\"grid-group-image\"><\/div>\n<div class=\"grid-group-meta\">\n<h5>Fran\u00e7ois-\u00c9tienne Par\u00e9<\/h5>\n<h6><\/h6>\n<\/div>\n<\/div>\n<div class=\"grid-group\">\n<div class=\"grid-group-image\"><\/div>\n<div class=\"grid-group-meta\">\n<h5>Fernand Pascoal<\/h5>\n<h6><\/h6>\n<\/div>\n<\/div>\n<div class=\"grid-group\">\n<div class=\"grid-group-image\"><\/div>\n<div class=\"grid-group-meta\">\n<h5>Emy Philibert<\/h5>\n<h6><\/h6>\n<\/div>\n<\/div>\n<div class=\"grid-group\">\n<div class=\"grid-group-image\"><\/div>\n<div class=\"grid-group-meta\">\n<h5>Caroline Rh\u00e9aume<\/h5>\n<h6><\/h6>\n<\/div>\n<\/div>\n<div class=\"grid-group\">\n<div class=\"grid-group-image\"><\/div>\n<div class=\"grid-group-meta\">\n<h5>Guy Rousseau<\/h5>\n<h6><\/h6>\n<\/div>\n<\/div>\n<div class=\"grid-group\">\n<div class=\"grid-group-image\"><\/div>\n<div class=\"grid-group-meta\">\n<h5>Jasmine Tabesh<\/h5>\n<h6><\/h6>\n<\/div>\n<\/div>\n<div class=\"grid-group\">\n<div class=\"grid-group-image\"><\/div>\n<div class=\"grid-group-meta\">\n<h5>Claire Trudel<\/h5>\n<h6><\/h6>\n<\/div>\n<\/div>\n<div class=\"grid-group\">\n<div class=\"grid-group-image\"><\/div>\n<div class=\"grid-group-meta\">\n<h5>Gilbert Varjabedian<\/h5>\n<h6><\/h6>\n<\/div>\n<\/div>\n<!--next-->\n<div class=\"grid-group\">\n<div class=\"grid-group-image\"><img decoding=\"async\" src=\"\/wp-content\/uploads\/2024\/07\/MultiD_Logo-AVECpositionnement_CMJN.jpeg\" width=\"200\" \/><\/div>\n<div class=\"grid-group-meta\">\n<h5><\/h5>\n<h6><\/h6>\n<\/div>\n<\/div>\n<!--next-->\n\n<\/section><br><br>\n<h4><strong>IN MEMORIAM<\/strong> de \u00c9ric Boisvert<\/h4>\n<div class=\"section-donateurs-cntnt\">\n\n<img fetchpriority=\"high\" decoding=\"async\" class=\"alignleft size-full\" src=\"\/wp-content\/uploads\/2024\/09\/Eric-Boisvert-300x170.jpeg\" alt=\"\u00c9ric Boisvert \" width=\"300\" height=\"170\" \/> Le 1er mai 2024, mon papa a fait une crise cardiaque et ne s\u2019en est malheureusement pas sorti. Ces mots peuvent para\u00eetre choquants, mais ils n\u2019arrivent pas \u00e0 la cheville du choc de son entourage et de sa famille face \u00e0 la nouvelle. De mon c\u00f4t\u00e9, \u00e7a m\u2019a tellement choqu\u00e9 que, impulsivement, j\u2019ai d\u00e9cid\u00e9 de m\u2019inscrire \u00e0 un 10km de course. Ceux qui me connaissent sauront que ce 10km, peut-\u00eatre banal pour certains, repr\u00e9sente un \u00e9norme d\u00e9fi face \u00e0 mes probl\u00e8mes de sant\u00e9. Mais je pousse et je continue parce que je r\u00e9alise que notre sant\u00e9 cardiaque est la plus importante de toutes.<br><br>Tant qu\u2019\u00e0 tout donner pour cette course, je me suis dit que j\u2019allais sensibiliser les autres autour de moi, les amis de mon p\u00e8re ainsi que mes amis sur la sant\u00e9 cardiaque et l\u2019hypertension. Ainsi, j\u2019ai d\u00e9cid\u00e9 d\u2019initier une lev\u00e9e de fond en l\u2019honneur de mon p\u00e8re, o\u00f9 tous les fonds amass\u00e9s seront donn\u00e9s \u00e0 la fondation de la soci\u00e9t\u00e9 qu\u00e9becoise d\u2019hypertension art\u00e9rielle, qui vise \u00e0 \u00e9duquer les professionnels de la sant\u00e9 et \u00e9pauler les personnes atteintes de haute pression.<br><br>\n\nMa course se d\u00e9roulera le 21 septembre, o\u00f9 je d\u00e9voilerai le montant amass\u00e9 au nom de mon papa.<br><br>\n\nSur ce, prenez soin de votre petit coeur, il est important \u2764\ufe0f\n<br><br>\n<h4 class=\"donateurs-titre-acc\" style=\"color: #d9a32d;\">Donateurs<\/h4>\n<br>\n<ul class=\"three-column-list\">\n \t<li>Gabriela Alfieri<\/li>\n \t<li>Patrick Allaire<\/li>\n \t<li>Nadia Bahous<\/li>\n \t<li>Penelope Beauchemin<\/li>\n \t<li>Aliz\u00e9e Beaudin<\/li>\n \t<li>Katia Bejar<\/li>\n \t<li>Richard B\u00e9liveau<\/li>\n \t<li>Audrey Bissonnette<\/li>\n \t<li>Jo\u00eblle Boisvert<\/li>\n \t<li>Louise Boisvert Bahous<\/li>\n \t<li>Marie-Th\u00e9r\u00e8se et Pierre Boisvert<\/li>\n \t<li>Richard Boudrias<\/li>\n \t<li>G\u00e9raldine Briand<\/li>\n \t<li>Madonna Briand<\/li>\n \t<li>Keana Brochu<\/li>\n \t<li>Alexane Caouette-Larouche<\/li>\n \t<li>Maude Cinq-Mars<\/li>\n \t<li>Anne-Marie C\u00f4t\u00e9<\/li>\n \t<li>Olivia De Siena<\/li>\n \t<li>Steve Delarosbil<\/li>\n \t<li>Monique Dub\u00e9<\/li>\n \t<li>Jocelyne Dub\u00e9<\/li>\n \t<li>Jean-Fran\u00e7ois Elliott<\/li>\n \t<li>Zachary Grimard<\/li>\n \t<li>Julien Hallemans<\/li>\n \t<li>Amanda Kozlowski<\/li>\n \t<li>Diane Kozlowski<\/li>\n \t<li>Natasha Kozlowski<\/li>\n \t<li>Andr\u00e9 LaRiviere<\/li>\n \t<li>Marie-H\u00e9l\u00e8ne LeBlanc<\/li>\n \t<li>Jos\u00e9e Martineau<\/li>\n \t<li>Monique McInnes<\/li>\n \t<li>Pascal Morin<\/li>\n \t<li>Eug\u00e9nie Morin<\/li>\n \t<li>Trung Nguyen<\/li>\n \t<li>Catherine Ouellet<\/li>\n \t<li>Mathilde Par\u00e9<\/li>\n \t<li>Nicolas Pinto<\/li>\n \t<li>Guy Rousseau<\/li>\n \t<li>Janie-Kim Sansoucy<\/li>\n \t<li>Sylvie Tanguay<\/li>\n \t<li>Martin T\u00e9treault<\/li>\n \t<li>Louise Victoire Bertrand<\/li>\n<\/ul>\n<\/div><\/div>\n\t\t\t\t\t\t\t\t\t\t\t\t\t<\/div>\n                    <\/div>\n\n                \n\t\t\t\t\t<div class=\"wpr-accordion-item-wrap\">\n\t\t\t\t\t\t<button class=\"wpr-acc-button\">\n\t\t\t\t\t\t\t<span class=\"wpr-acc-item-title\">\n\t\t\t\t\t\t\t\t\t\t\t\t\t\t\t\t\t<div class=\"wpr-acc-icon-box\">\n\t\t\t\t\t\t\t\t\t\t\t\t\t\t<span class=\"wpr-title-icon\">\n\t\t\t\t\t<i aria-hidden=\"true\" class=\"icofont icofont-thunder-light\"><\/i>\t\t\t\t<\/span>\n\t\t\t\t\t\t\t\t\t\t\t\t\t<div class=\"wpr-acc-icon-box-after\"><\/div>\n\t\t\t\t\t\t\t\t\t<\/div>\n\t\t\t\t\t\t\t\t\n\t\t\t\t\t\t\t\t<h2 class=\"wpr-acc-title-text\">ACTION ($5 000 to $24 999<\/h2>\n\t\t\t\t\t\t\t<\/span>\n\t\t\t\t\t\t\t\t\t\t\t<span class=\"wpr-toggle-icon wpr-ti-close\"><i aria-hidden=\"true\" class=\"ti ti-arrow-circle-right\"><\/i><\/span>\n\t\t\t\t<span class=\"wpr-toggle-icon wpr-ti-open\"><i aria-hidden=\"true\" class=\"ti ti-arrow-circle-down\"><\/i><\/span>\n\t\t\t\t\t\t\t\t\t<\/button>\n\n\t\t\t\t\t\t<div class=\"wpr-acc-panel\">\n\t\t\t\t\t\t\t\t\t\t\t\t\t\t\t<div class=\"wpr-acc-panel-content\"><section class=\"grid donateurs-cat\">\n<!--next-->\n<div class=\"grid-group\">\n<div class=\"grid-group-image\"><\/div>\n<div class=\"grid-group-meta\">\n<h5>Marcel Lebel<\/h5>\n<h6><\/h6>\n<\/div>\n<\/div>\n<!--next-->\n\n<\/section><\/div>\n\t\t\t\t\t\t\t\t\t\t\t\t\t<\/div>\n                    <\/div>\n\n                \n\t\t\t\t\t<div class=\"wpr-accordion-item-wrap\">\n\t\t\t\t\t\t<button class=\"wpr-acc-button\">\n\t\t\t\t\t\t\t<span class=\"wpr-acc-item-title\">\n\t\t\t\t\t\t\t\t\t\t\t\t\t\t\t\t\t<div class=\"wpr-acc-icon-box\">\n\t\t\t\t\t\t\t\t\t\t\t\t\t\t<span class=\"wpr-title-icon\">\n\t\t\t\t\t<i aria-hidden=\"true\" class=\"icofont icofont-star-shape\"><\/i>\t\t\t\t<\/span>\n\t\t\t\t\t\t\t\t\t\t\t\t\t<div class=\"wpr-acc-icon-box-after\"><\/div>\n\t\t\t\t\t\t\t\t\t<\/div>\n\t\t\t\t\t\t\t\t\n\t\t\t\t\t\t\t\t<h2 class=\"wpr-acc-title-text\">FASCINATION ($25 000 to $ 99 999)<\/h2>\n\t\t\t\t\t\t\t<\/span>\n\t\t\t\t\t\t\t\t\t\t\t<span class=\"wpr-toggle-icon wpr-ti-close\"><i aria-hidden=\"true\" class=\"ti ti-arrow-circle-right\"><\/i><\/span>\n\t\t\t\t<span class=\"wpr-toggle-icon wpr-ti-open\"><i aria-hidden=\"true\" class=\"ti ti-arrow-circle-down\"><\/i><\/span>\n\t\t\t\t\t\t\t\t\t<\/button>\n\n\t\t\t\t\t\t<div class=\"wpr-acc-panel\">\n\t\t\t\t\t\t\t\t\t\t\t\t\t\t\t<div class=\"wpr-acc-panel-content\"><section class=\"grid donateurs-cat\">\n<div class=\"grid-group\">\n<div class=\"grid-group-image\"><\/div>\n<div class=\"grid-group-meta\">\n<h5>Mohsen Agharazii<\/h5>\n<h6><\/h6>\n<\/div>\n<\/div>\n<!--next-->\n\n<\/section><\/div>\n\t\t\t\t\t\t\t\t\t\t\t\t\t<\/div>\n                    <\/div>\n\n                \n\t\t\t\t\t<div class=\"wpr-accordion-item-wrap\">\n\t\t\t\t\t\t<button class=\"wpr-acc-button\">\n\t\t\t\t\t\t\t<span class=\"wpr-acc-item-title\">\n\t\t\t\t\t\t\t\t\t\t\t\t\t\t\t\t\t<div class=\"wpr-acc-icon-box\">\n\t\t\t\t\t\t\t\t\t\t\t\t\t\t<span class=\"wpr-title-icon\">\n\t\t\t\t\t<i aria-hidden=\"true\" class=\"icofont icofont-heart-beat\"><\/i>\t\t\t\t<\/span>\n\t\t\t\t\t\t\t\t\t\t\t\t\t<div class=\"wpr-acc-icon-box-after\"><\/div>\n\t\t\t\t\t\t\t\t\t<\/div>\n\t\t\t\t\t\t\t\t\n\t\t\t\t\t\t\t\t<h2 class=\"wpr-acc-title-text\">IMPULSE ($100 000 to $ 249 999)<\/h2>\n\t\t\t\t\t\t\t<\/span>\n\t\t\t\t\t\t\t\t\t\t\t<span class=\"wpr-toggle-icon wpr-ti-close\"><i aria-hidden=\"true\" class=\"ti ti-arrow-circle-right\"><\/i><\/span>\n\t\t\t\t<span class=\"wpr-toggle-icon wpr-ti-open\"><i aria-hidden=\"true\" class=\"ti ti-arrow-circle-down\"><\/i><\/span>\n\t\t\t\t\t\t\t\t\t<\/button>\n\n\t\t\t\t\t\t<div class=\"wpr-acc-panel\">\n\t\t\t\t\t\t\t\t\t\t\t\t\t\t\t<div class=\"wpr-acc-panel-content\"><section class=\"grid donateurs-cat\"><div class=\"grid-group\"><div class=\"grid-group-image\">\u00a0<\/div><div class=\"grid-group-meta\"><h5>Coming Soon<\/h5><h6>\u00a0<\/h6><\/div><\/div><p><!--next--><\/p><\/section><\/div>\n\t\t\t\t\t\t\t\t\t\t\t\t\t<\/div>\n                    <\/div>\n\n                \n\t\t\t\t\t<div class=\"wpr-accordion-item-wrap\">\n\t\t\t\t\t\t<button class=\"wpr-acc-button\">\n\t\t\t\t\t\t\t<span class=\"wpr-acc-item-title\">\n\t\t\t\t\t\t\t\t\t\t\t\t\t\t\t\t\t<div class=\"wpr-acc-icon-box\">\n\t\t\t\t\t\t\t\t\t\t\t\t\t\t<span class=\"wpr-title-icon\">\n\t\t\t\t\t<i aria-hidden=\"true\" class=\"icofont icofont-rocket-alt-1\"><\/i>\t\t\t\t<\/span>\n\t\t\t\t\t\t\t\t\t\t\t\t\t<div class=\"wpr-acc-icon-box-after\"><\/div>\n\t\t\t\t\t\t\t\t\t<\/div>\n\t\t\t\t\t\t\t\t\n\t\t\t\t\t\t\t\t<h2 class=\"wpr-acc-title-text\">PASSION ($250 000 and more)<\/h2>\n\t\t\t\t\t\t\t<\/span>\n\t\t\t\t\t\t\t\t\t\t\t<span class=\"wpr-toggle-icon wpr-ti-close\"><i aria-hidden=\"true\" class=\"ti ti-arrow-circle-right\"><\/i><\/span>\n\t\t\t\t<span class=\"wpr-toggle-icon wpr-ti-open\"><i aria-hidden=\"true\" class=\"ti ti-arrow-circle-down\"><\/i><\/span>\n\t\t\t\t\t\t\t\t\t<\/button>\n\n\t\t\t\t\t\t<div class=\"wpr-acc-panel\">\n\t\t\t\t\t\t\t\t\t\t\t\t\t\t\t<div class=\"wpr-acc-panel-content\"><section class=\"grid donateurs-cat\"><div class=\"grid-group\"><div class=\"grid-group-image\">\u00a0<\/div><div class=\"grid-group-meta\"><h5>Coming Soon<\/h5><h6>\u00a0<\/h6><\/div><\/div><p><!--next--><\/p><\/section><\/div>\n\t\t\t\t\t\t\t\t\t\t\t\t\t<\/div>\n                    <\/div>\n\n                            <\/div>\n        \t\t\t\t<\/div>\n\t\t\t\t<\/div>\n\t\t\t\t\t<\/div>\n\t\t<\/div>\n\t\t\t\t\t<\/div>\n\t\t<\/section>\n\t\t\t\t<\/div>\n\t\t","protected":false},"excerpt":{"rendered":"<p>Thank You to our generous donors for their invaluable support! Your enthusiasm and commitment, as well as those of our partners, are essential to support us in raising awareness, screening, management and training regarding high blood pressure. The Fondation de la Soci\u00e9t\u00e9 qu\u00e9b\u00e9coise d\u2019hypertension arti\u00e9lle pays tribute to individuals, foundations and companies that have made donations in support of its cause. MOMENTUM (Up to $4,999) Amir Agharazii Aryan Agharazii Ashkan Agharazii Azar Agharazii Niloufar Agharazii Dominique Auger Anne-C\u00e9cile Berlan Lorelei Berthou Michel Champoux Anne-Marie C\u00f4t\u00e9 Denis deBlois Gilbert D\u00e9carie Souad El Ouakfaoui Mostafa Faghfoury Famille Madeleine Michaud-L\u00e9vesque Anne Goupil Bruno Goupil Isabelle Houde Sanam Khataei Dary Laflamme Maxime Lamarre-Cliche Pierre Larochelle Louise Lavall\u00e9e Caroline Lavigne Louise Lemay Fran\u00e7ois-\u00c9tienne Par\u00e9 Fernand Pascoal Emy Philibert Caroline Rh\u00e9aume Guy Rousseau Jasmine Tabesh Claire Trudel Gilbert Varjabedian IN MEMORIAM de \u00c9ric Boisvert Le 1er mai 2024, mon papa a fait une crise cardiaque et ne s\u2019en est malheureusement pas sorti. Ces mots peuvent para\u00eetre choquants, mais ils n\u2019arrivent pas \u00e0 la cheville du choc de son entourage et de sa famille face \u00e0 la nouvelle. De mon c\u00f4t\u00e9, \u00e7a m\u2019a tellement choqu\u00e9 que, impulsivement, j\u2019ai d\u00e9cid\u00e9 de m\u2019inscrire \u00e0 un 10km de course. Ceux qui me connaissent sauront que ce 10km, peut-\u00eatre banal pour certains, repr\u00e9sente un \u00e9norme d\u00e9fi face \u00e0 mes probl\u00e8mes de sant\u00e9. Mais je pousse et je continue parce que je r\u00e9alise que notre sant\u00e9 cardiaque est la plus importante de toutes.Tant qu\u2019\u00e0 tout donner pour cette course, je me suis dit que j\u2019allais sensibiliser les autres autour de moi, les amis de mon p\u00e8re ainsi que mes amis sur la sant\u00e9 cardiaque et l\u2019hypertension. Ainsi, j\u2019ai d\u00e9cid\u00e9 d\u2019initier une lev\u00e9e de fond en l\u2019honneur de mon p\u00e8re, o\u00f9 tous les fonds amass\u00e9s seront donn\u00e9s \u00e0 la fondation de la soci\u00e9t\u00e9 qu\u00e9becoise d\u2019hypertension art\u00e9rielle, qui vise \u00e0 \u00e9duquer les professionnels de la sant\u00e9 et \u00e9pauler les personnes atteintes de haute pression. Ma course se d\u00e9roulera le 21 septembre, o\u00f9 je d\u00e9voilerai le montant amass\u00e9 au nom de mon papa. Sur ce, prenez soin de votre petit coeur, il est important \u2764\ufe0f Donateurs Gabriela Alfieri Patrick Allaire Nadia Bahous Penelope Beauchemin Aliz\u00e9e Beaudin Katia Bejar Richard B\u00e9liveau Audrey Bissonnette Jo\u00eblle Boisvert Louise Boisvert Bahous Marie-Th\u00e9r\u00e8se et Pierre Boisvert Richard Boudrias G\u00e9raldine Briand Madonna Briand Keana Brochu Alexane Caouette-Larouche Maude Cinq-Mars Anne-Marie C\u00f4t\u00e9 Olivia De Siena Steve Delarosbil Monique Dub\u00e9 Jocelyne Dub\u00e9 Jean-Fran\u00e7ois Elliott Zachary Grimard Julien Hallemans Amanda Kozlowski Diane Kozlowski Natasha Kozlowski Andr\u00e9 LaRiviere Marie-H\u00e9l\u00e8ne LeBlanc Jos\u00e9e Martineau Monique McInnes Pascal Morin Eug\u00e9nie Morin Trung Nguyen Catherine Ouellet Mathilde Par\u00e9 Nicolas Pinto Guy Rousseau Janie-Kim Sansoucy Sylvie Tanguay Martin T\u00e9treault Louise Victoire Bertrand ACTION ($5 000 to $24 999 Marcel Lebel FASCINATION ($25 000 to $ 99 999) Mohsen Agharazii IMPULSE ($100 000 to $ 249 999) \u00a0 Coming Soon \u00a0 PASSION ($250 000 and more) \u00a0 Coming Soon \u00a0<\/p>\n","protected":false},"author":1,"featured_media":0,"parent":14617,"menu_order":4,"comment_status":"closed","ping_status":"closed","template":"elementor_header_footer","meta":{"give_campaign_id":0,"footnotes":""},"class_list":["post-18539","page","type-page","status-publish","hentry"],"aioseo_notices":[],"campaignId":"","_links":{"self":[{"href":"https:\/\/fondationsqha.ca\/en\/wp-json\/wp\/v2\/pages\/18539","targetHints":{"allow":["GET"]}}],"collection":[{"href":"https:\/\/fondationsqha.ca\/en\/wp-json\/wp\/v2\/pages"}],"about":[{"href":"https:\/\/fondationsqha.ca\/en\/wp-json\/wp\/v2\/types\/page"}],"author":[{"embeddable":true,"href":"https:\/\/fondationsqha.ca\/en\/wp-json\/wp\/v2\/users\/1"}],"replies":[{"embeddable":true,"href":"https:\/\/fondationsqha.ca\/en\/wp-json\/wp\/v2\/comments?post=18539"}],"version-history":[{"count":31,"href":"https:\/\/fondationsqha.ca\/en\/wp-json\/wp\/v2\/pages\/18539\/revisions"}],"predecessor-version":[{"id":20162,"href":"https:\/\/fondationsqha.ca\/en\/wp-json\/wp\/v2\/pages\/18539\/revisions\/20162"}],"up":[{"embeddable":true,"href":"https:\/\/fondationsqha.ca\/en\/wp-json\/wp\/v2\/pages\/14617"}],"wp:attachment":[{"href":"https:\/\/fondationsqha.ca\/en\/wp-json\/wp\/v2\/media?parent=18539"}],"curies":[{"name":"wp","href":"https:\/\/api.w.org\/{rel}","templated":true}]}}